{"id":76374,"date":"2022-02-22T09:03:27","date_gmt":"2022-02-22T09:03:27","guid":{"rendered":"https:\/\/v2charge.com\/soporte\/"},"modified":"2023-11-24T10:54:07","modified_gmt":"2023-11-24T08:54:07","slug":"ev-portable","status":"publish","type":"page","link":"https:\/\/v2charge.com\/tr\/destek-alani\/ev-portable\/","title":{"rendered":"EV Portable deste\u011fi"},"content":{"rendered":"\n<div class=\"wp-block-uagb-container uagb-block-506bd0d1 alignfull uagb-is-root-container\"><div class=\"uagb-container-inner-blocks-wrap\">\n<div class=\"wp-block-uagb-container uag-hide-mob uagb-block-74babcab\">\n<figure class=\"wp-block-image size-full\"><a href=\"https:\/\/v2charge.com\/tr\/destek-alani\/trydan\/\"><img decoding=\"async\" width=\"75\" height=\"75\" src=\"https:\/\/v2charge.com\/wp-content\/uploads\/2022\/01\/soporte-trydan-2.png\" alt=\"actualizaciones del e-charger trydan\" class=\"wp-image-72846\" srcset=\"https:\/\/v2charge.com\/wp-content\/uploads\/2022\/01\/soporte-trydan-2.png 75w, https:\/\/v2charge.com\/wp-content\/uploads\/2022\/01\/soporte-trydan-2-50x50.png 50w\" sizes=\"(max-width: 75px) 100vw, 75px\" \/><\/a><\/figure>\n\n\n\n<figure class=\"wp-block-image size-full\"><a href=\"https:\/\/v2charge.com\/tr\/destek-alani\/pole-pro\/\"><img decoding=\"async\" width=\"75\" height=\"75\" src=\"https:\/\/v2charge.com\/wp-content\/uploads\/2022\/01\/polesupport.png\" alt=\"actualizaciones del e-charger pole\" class=\"wp-image-72874\" srcset=\"https:\/\/v2charge.com\/wp-content\/uploads\/2022\/01\/polesupport.png 75w, https:\/\/v2charge.com\/wp-content\/uploads\/2022\/01\/polesupport-50x50.png 50w\" sizes=\"(max-width: 75px) 100vw, 75px\" \/><\/a><\/figure>\n\n\n\n<figure class=\"wp-block-image size-full\"><a href=\"https:\/\/v2charge.com\/tr\/destek-alani\/screen\/\"><img decoding=\"async\" width=\"75\" height=\"75\" src=\"https:\/\/v2charge.com\/wp-content\/uploads\/2022\/01\/screen-support.png\" alt=\"actualizaciones del e-charger screen\" class=\"wp-image-72881\" srcset=\"https:\/\/v2charge.com\/wp-content\/uploads\/2022\/01\/screen-support.png 75w, https:\/\/v2charge.com\/wp-content\/uploads\/2022\/01\/screen-support-50x50.png 50w\" sizes=\"(max-width: 75px) 100vw, 75px\" \/><\/a><\/figure>\n\n\n\n<figure class=\"wp-block-image size-full\"><a href=\"https:\/\/v2charge.com\/tr\/destek-alani\/ev-portable\/\"><img decoding=\"async\" width=\"76\" height=\"76\" src=\"https:\/\/v2charge.com\/wp-content\/uploads\/2022\/02\/EVPORTABLE_Icono.png\" alt=\"\" class=\"wp-image-76493\" srcset=\"https:\/\/v2charge.com\/wp-content\/uploads\/2022\/02\/EVPORTABLE_Icono.png 76w, https:\/\/v2charge.com\/wp-content\/uploads\/2022\/02\/EVPORTABLE_Icono-50x50.png 50w\" sizes=\"(max-width: 76px) 100vw, 76px\" \/><\/a><\/figure>\n\n\n\n<figure class=\"wp-block-image size-full is-resized\"><a href=\"https:\/\/v2charge.com\/tr\/destek-alani\/v2c-cloud\/\"><img decoding=\"async\" src=\"https:\/\/v2charge.com\/wp-content\/uploads\/2022\/06\/v2ccloud.png\" alt=\"actualizaciones de V2C cloud para m\u00f3viles\" class=\"wp-image-79360\" width=\"77\" height=\"77\" srcset=\"https:\/\/v2charge.com\/wp-content\/uploads\/2022\/06\/v2ccloud.png 77w, https:\/\/v2charge.com\/wp-content\/uploads\/2022\/06\/v2ccloud-50x50.png 50w\" sizes=\"(max-width: 77px) 100vw, 77px\" \/><\/a><\/figure>\n<\/div>\n\n\n\n<div class=\"wp-block-uagb-container uag-hide-mob uagb-block-bde1d3fd\">\n<div class=\"wp-block-uagb-advanced-heading uagb-block-3f344cb7\"><p class=\"uagb-heading-text\"><a href=\"https:\/\/v2charge.com\/tr\/destek-alani\/trydan\/\">Trydan<\/a><\/p><\/div>\n\n\n\n<div class=\"wp-block-uagb-advanced-heading uagb-block-5d264aa3\"><p class=\"uagb-heading-text\"><a href=\"https:\/\/v2charge.com\/tr\/destek-alani\/pole-pro\/\">Pole Pro<\/a><\/p><\/div>\n\n\n\n<div class=\"wp-block-uagb-advanced-heading uagb-block-b662434f\"><p class=\"uagb-heading-text\"><a href=\"https:\/\/v2charge.com\/tr\/destek-alani\/screen\/\">Screen<\/a><\/p><\/div>\n\n\n\n<div class=\"wp-block-uagb-advanced-heading uagb-block-b2a1b119\"><p class=\"uagb-heading-text\"><a href=\"https:\/\/v2charge.com\/tr\/destek-alani\/ev-portable\/\">EV Portable<\/a><\/p><\/div>\n\n\n\n<div class=\"wp-block-uagb-advanced-heading uagb-block-86f5672d\"><p class=\"uagb-heading-text\"><a href=\"https:\/\/v2charge.com\/tr\/destek-alani\/v2c-cloud\/\">V2C Cloud<\/a><\/p><\/div>\n<\/div>\n<\/div><\/div>\n\n\n\n<div class=\"wp-block-uagb-container uagb-block-86cfa6ff alignfull uagb-is-root-container\"><div class=\"uagb-container-inner-blocks-wrap\">\n<div class=\"wp-block-uagb-advanced-heading uagb-block-14e6d804\"><h1 class=\"uagb-heading-text\"><strong>Destek alan\u0131 | EV Portable<\/strong><\/h1><\/div>\n<\/div><\/div>\n\n\n\n<div class=\"wp-block-uagb-container uagb-block-ecd8c641 alignfull uagb-is-root-container\"><div class=\"uagb-container-inner-blocks-wrap\">\n<div class=\"wp-block-uagb-info-box uagb-block-7ae4d17c uagb-infobox__content-wrap  uagb-infobox_cta-type-all uagb-infobox-icon-above-title uagb-infobox-image-valign-top\"><a href=\"https:\/\/v2charge.com\/wp-content\/uploads\/2022\/07\/Data_Sheet_EVPortable.pdf\" class=\"uagb-infobox-link-wrap uagb-infbox__link-to-all\" target=\"_self\" aria-label=\"Infobox Link\" rel=\"noopener noreferrer\" onclick=\"return true;\"><\/a><div class=\"uagb-ifb-content\"><div class=\"uagb-ifb-image-content\"><img decoding=\"async\" src=\"https:\/\/v2charge.com\/wp-content\/uploads\/2022\/01\/sheet.svg\" alt=\"ficha t\u00e9cnica\" width=\"33\" height=\"32\" loading=\"lazy\"\/><\/div><div class=\"uagb-ifb-title-wrap\"><h3 class=\"uagb-ifb-title\">Veri Sayfas\u0131<\/h3><\/div><p class=\"uagb-ifb-desc\">Genel, fonksiyonel, elektriksel \u00f6zellikler, \u00fcr\u00fcn numaras\u0131 bile\u015fimi ve boyutlar\u0131.<\/p><div class=\"uagb-ifb-button-wrapper wp-block-button\"><\/div><\/div><\/div>\n\n\n\n<div class=\"wp-block-uagb-info-box uagb-block-cefcc39a uagb-infobox__content-wrap  uagb-infobox_cta-type-all uagb-infobox-icon-above-title uagb-infobox-image-valign-top\"><a href=\"https:\/\/v2charge.com\/wp-content\/uploads\/2022\/09\/CATALOGUE_EVPORTABLE.pdf\" class=\"uagb-infobox-link-wrap uagb-infbox__link-to-all\" target=\"_self\" aria-label=\"Infobox Link\" rel=\"noopener noreferrer\" onclick=\"return true;\"><\/a><div class=\"uagb-ifb-content\"><div class=\"uagb-ifb-image-content\"><img decoding=\"async\" src=\"https:\/\/v2charge.com\/wp-content\/uploads\/2022\/01\/catalogos.svg\" alt=\"\" width=\"33\" height=\"32\" loading=\"lazy\"\/><\/div><div class=\"uagb-ifb-title-wrap\"><h3 class=\"uagb-ifb-title\">Katalog<\/h3><\/div><p class=\"uagb-ifb-desc\">E\u015fsiz EV Portable e-Charger\u2019\u0131n tan\u0131t\u0131m\u0131: \u00f6zellikler ve avantajlar.<\/p><div class=\"uagb-ifb-button-wrapper wp-block-button\"><\/div><\/div><\/div>\n\n\n\n<div class=\"wp-block-uagb-info-box uagb-block-b4c9c4a2 uagb-infobox__content-wrap  uagb-infobox_cta-type-all uagb-infobox-icon-above-title uagb-infobox-image-valign-top\"><a href=\"https:\/\/v2charge.com\/wp-content\/uploads\/2022\/02\/EV-portable-ENG-V2C.pdf\" class=\"uagb-infobox-link-wrap uagb-infbox__link-to-all\" target=\"_self\" aria-label=\"Infobox Link\" rel=\"noopener noreferrer\" onclick=\"return true;\"><\/a><div class=\"uagb-ifb-content\"><div class=\"uagb-ifb-image-content\"><img decoding=\"async\" src=\"https:\/\/v2charge.com\/wp-content\/uploads\/2022\/01\/installation-manual.svg\" alt=\"\" width=\"33\" height=\"33\" loading=\"lazy\"\/><\/div><div class=\"uagb-ifb-title-wrap\"><h3 class=\"uagb-ifb-title\">Y\u00fckleme Rehberi<\/h3><\/div><p class=\"uagb-ifb-desc\">e-Charger do\u011fru kurulumunu ger\u00e7ekle\u015ftirmek i\u00e7in izlenecek ad\u0131mlar.<\/p><div class=\"uagb-ifb-button-wrapper wp-block-button\"><\/div><\/div><\/div>\n<\/div><\/div>\n\n\n\n<div class=\"wp-block-uagb-container uagb-block-f34973ba alignfull uagb-is-root-container\"><div class=\"uagb-container-inner-blocks-wrap\">\n<div class=\"wp-block-uagb-advanced-heading uagb-block-fecddcf9\"><h2 class=\"uagb-heading-text\">Yard\u0131ma ihtiyac\u0131n var m\u0131?<\/h2><\/div>\n\n\n<form role=\"search\" method=\"get\" action=\"https:\/\/v2charge.com\/tr\/\" class=\"wp-block-search__button-outside wp-block-search__text-button aligncenter wp-block-search\"    ><label class=\"wp-block-search__label screen-reader-text\" for=\"wp-block-search__input-1\" >Buscar<\/label><div class=\"wp-block-search__inside-wrapper\"  style=\"width: 100%\"><input class=\"wp-block-search__input\" id=\"wp-block-search__input-1\" placeholder=\"\" value=\"\" type=\"search\" name=\"s\" required \/><button aria-label=\"Arama\" class=\"wp-block-search__button has-text-color has-base-3-color has-background has-contrast-background-color wp-element-button\" type=\"submit\" >Arama<\/button><\/div><\/form><\/div><\/div>\n\n\n\n<div class=\"wp-block-uagb-container uagb-block-db8cbd91 alignfull uagb-is-root-container\"><div class=\"uagb-container-inner-blocks-wrap\">\n<div class=\"wp-block-columns is-layout-flex wp-container-core-columns-is-layout-9d6595d7 wp-block-columns-is-layout-flex\">\n<div class=\"wp-block-column is-layout-flow wp-block-column-is-layout-flow\" style=\"flex-basis:70%\">\n<div class=\"wp-block-uagb-advanced-heading uagb-block-6febdf33\"><h2 class=\"uagb-heading-text\">\u015e\u00fcphelerini \u00e7\u00f6zmedin mi?<\/h2><\/div>\n\n\n\n<p class=\"has-base-3-color has-text-color\">Teknik Destek Merkezinde bir talep olu\u015fturun, en k\u0131sa s\u00fcrede size geri d\u00f6nelim.<\/p>\n<\/div>\n\n\n\n<div class=\"wp-block-column is-layout-flow wp-block-column-is-layout-flow\"><\/div>\n\n\n\n<div class=\"wp-block-column is-layout-flow wp-block-column-is-layout-flow\" style=\"flex-basis:33.33%\">\n<div class=\"wp-block-uagb-buttons uagb-buttons__outer-wrap uagb-btn__default-btn uagb-btn-tablet__default-btn uagb-btn-mobile__default-btn uagb-block-74919fc5\"><div class=\"uagb-buttons__wrap uagb-buttons-layout-wrap\">\n<div class=\"wp-block-uagb-buttons-child uagb-buttons__outer-wrap uagb-block-5b81e754 wp-block-button\"><div class=\"uagb-button__wrapper\"><a class=\"uagb-buttons-repeater wp-block-button__link\" href=\"https:\/\/v2charge.atlassian.net\/servicedesk\/customer\/portal\/3\" onclick=\"return true;\" rel=\"follow noopener\" target=\"_self\"><div class=\"uagb-button__link\">Teknik deste\u011fe ba\u015fvurun<\/div><\/a><\/div><\/div>\n<\/div><\/div>\n<\/div>\n<\/div>\n<\/div><\/div>\n","protected":false},"excerpt":{"rendered":"<p>Trydan Pole Pro Screen EV Portable V2C Cloud Destek alan\u0131 | EV Portable Yard\u0131ma ihtiyac\u0131n var m\u0131? \u015e\u00fcphelerini \u00e7\u00f6zmedin mi? Teknik Destek Merkezinde bir talep olu\u015fturun, en k\u0131sa s\u00fcrede size geri d\u00f6nelim.<\/p>\n","protected":false},"author":1,"featured_media":170355,"parent":77795,"menu_order":0,"comment_status":"closed","ping_status":"closed","template":"","meta":{"_eb_attr":"","content-type":"","_uag_custom_page_level_css":"","footnotes":""},"class_list":["post-76374","page","type-page","status-publish","has-post-thumbnail"],"yoast_head":"<!-- This site is optimized with the Yoast SEO plugin v25.3.1 - https:\/\/yoast.com\/wordpress\/plugins\/seo\/ -->\n<title>EV Portable \u27a4 V2C \u00ae Ta\u015f\u0131nabilir Elektrikli Ara\u00e7 \u015earj Cihaz\u0131m\u0131z<\/title>\n<meta name=\"description\" content=\"Ta\u015f\u0131nabilir elektrikli ara\u00e7 \u015farj cihaz\u0131n\u0131z hakk\u0131nda ihtiyac\u0131n\u0131z olan t\u00fcm bilgileri bulun. Teknik \u00f6zellikler, kurulum k\u0131lavuzu ve fiyatlar. \u015e\u00fcphelerinizi \u00e7\u00f6z\u00fcn.\" \/>\n<meta name=\"robots\" content=\"index, follow, max-snippet:-1, max-image-preview:large, max-video-preview:-1\" \/>\n<link rel=\"canonical\" href=\"https:\/\/v2charge.com\/tr\/destek-alani\/ev-portable\/\" \/>\n<meta property=\"og:locale\" content=\"tr_TR\" \/>\n<meta property=\"og:type\" content=\"article\" \/>\n<meta property=\"og:title\" content=\"EV Portable \u27a4 V2C \u00ae Ta\u015f\u0131nabilir Elektrikli Ara\u00e7 \u015earj Cihaz\u0131m\u0131z\" \/>\n<meta property=\"og:description\" content=\"Ta\u015f\u0131nabilir elektrikli ara\u00e7 \u015farj cihaz\u0131n\u0131z hakk\u0131nda ihtiyac\u0131n\u0131z olan t\u00fcm bilgileri bulun. Teknik \u00f6zellikler, kurulum k\u0131lavuzu ve fiyatlar. \u015e\u00fcphelerinizi \u00e7\u00f6z\u00fcn.\" \/>\n<meta property=\"og:url\" content=\"https:\/\/v2charge.com\/tr\/destek-alani\/ev-portable\/\" \/>\n<meta property=\"og:site_name\" content=\"V2C\" \/>\n<meta property=\"article:publisher\" content=\"https:\/\/www.facebook.com\/V2C.Charge\" \/>\n<meta property=\"article:modified_time\" content=\"2023-11-24T08:54:07+00:00\" \/>\n<meta property=\"og:image\" content=\"https:\/\/v2charge.com\/wp-content\/uploads\/2022\/01\/soporte-trydan-2.png\" \/>\n<meta name=\"twitter:card\" content=\"summary_large_image\" \/>\n<meta name=\"twitter:site\" content=\"@V2C_Charge\" \/>\n<meta name=\"twitter:label1\" content=\"Tahmini okuma s\u00fcresi\" \/>\n\t<meta name=\"twitter:data1\" content=\"2 dakika\" \/>\n<script type=\"application\/ld+json\" class=\"yoast-schema-graph\">{\"@context\":\"https:\/\/schema.org\",\"@graph\":[{\"@type\":\"WebPage\",\"@id\":\"https:\/\/v2charge.com\/tr\/destek-alani\/ev-portable\/\",\"url\":\"https:\/\/v2charge.com\/tr\/destek-alani\/ev-portable\/\",\"name\":\"EV Portable \u27a4 V2C \u00ae Ta\u015f\u0131nabilir Elektrikli Ara\u00e7 \u015earj Cihaz\u0131m\u0131z\",\"isPartOf\":{\"@id\":\"https:\/\/v2charge.com\/tr\/#website\"},\"primaryImageOfPage\":{\"@id\":\"https:\/\/v2charge.com\/tr\/destek-alani\/ev-portable\/#primaryimage\"},\"image\":{\"@id\":\"https:\/\/v2charge.com\/tr\/destek-alani\/ev-portable\/#primaryimage\"},\"thumbnailUrl\":\"https:\/\/v2charge.com\/wp-content\/uploads\/2024\/07\/v2c-electric-chargers.jpg\",\"datePublished\":\"2022-02-22T09:03:27+00:00\",\"dateModified\":\"2023-11-24T08:54:07+00:00\",\"description\":\"Ta\u015f\u0131nabilir elektrikli ara\u00e7 \u015farj cihaz\u0131n\u0131z hakk\u0131nda ihtiyac\u0131n\u0131z olan t\u00fcm bilgileri bulun. Teknik \u00f6zellikler, kurulum k\u0131lavuzu ve fiyatlar. \u015e\u00fcphelerinizi \u00e7\u00f6z\u00fcn.\",\"breadcrumb\":{\"@id\":\"https:\/\/v2charge.com\/tr\/destek-alani\/ev-portable\/#breadcrumb\"},\"inLanguage\":\"tr\",\"potentialAction\":[{\"@type\":\"ReadAction\",\"target\":[\"https:\/\/v2charge.com\/tr\/destek-alani\/ev-portable\/\"]}]},{\"@type\":\"ImageObject\",\"inLanguage\":\"tr\",\"@id\":\"https:\/\/v2charge.com\/tr\/destek-alani\/ev-portable\/#primaryimage\",\"url\":\"https:\/\/v2charge.com\/wp-content\/uploads\/2024\/07\/v2c-electric-chargers.jpg\",\"contentUrl\":\"https:\/\/v2charge.com\/wp-content\/uploads\/2024\/07\/v2c-electric-chargers.jpg\",\"width\":1200,\"height\":675,\"caption\":\"V2C Electric Chargers\"},{\"@type\":\"BreadcrumbList\",\"@id\":\"https:\/\/v2charge.com\/tr\/destek-alani\/ev-portable\/#breadcrumb\",\"itemListElement\":[{\"@type\":\"ListItem\",\"position\":1,\"name\":\"V2C\",\"item\":\"https:\/\/v2charge.com\/tr\/\"},{\"@type\":\"ListItem\",\"position\":2,\"name\":\"Destek Alan\u0131.\",\"item\":\"https:\/\/v2charge.com\/tr\/destek-alani\/\"},{\"@type\":\"ListItem\",\"position\":3,\"name\":\"EV Portable deste\u011fi\"}]},{\"@type\":\"WebSite\",\"@id\":\"https:\/\/v2charge.com\/tr\/#website\",\"url\":\"https:\/\/v2charge.com\/tr\/\",\"name\":\"V2C\",\"description\":\"#CargandoElMa\u00f1ana\",\"publisher\":{\"@id\":\"https:\/\/v2charge.com\/tr\/#organization\"},\"potentialAction\":[{\"@type\":\"SearchAction\",\"target\":{\"@type\":\"EntryPoint\",\"urlTemplate\":\"https:\/\/v2charge.com\/tr\/?s={search_term_string}\"},\"query-input\":{\"@type\":\"PropertyValueSpecification\",\"valueRequired\":true,\"valueName\":\"search_term_string\"}}],\"inLanguage\":\"tr\"},{\"@type\":\"Organization\",\"@id\":\"https:\/\/v2charge.com\/tr\/#organization\",\"name\":\"V2C\",\"url\":\"https:\/\/v2charge.com\/tr\/\",\"logo\":{\"@type\":\"ImageObject\",\"inLanguage\":\"tr\",\"@id\":\"https:\/\/v2charge.com\/tr\/#\/schema\/logo\/image\/\",\"url\":\"https:\/\/v2charge.com\/wp-content\/uploads\/2024\/11\/cropped-v2c-charge-logo-menu.png\",\"contentUrl\":\"https:\/\/v2charge.com\/wp-content\/uploads\/2024\/11\/cropped-v2c-charge-logo-menu.png\",\"width\":984,\"height\":431,\"caption\":\"V2C\"},\"image\":{\"@id\":\"https:\/\/v2charge.com\/tr\/#\/schema\/logo\/image\/\"},\"sameAs\":[\"https:\/\/www.facebook.com\/V2C.Charge\",\"https:\/\/x.com\/V2C_Charge\",\"https:\/\/www.instagram.com\/v2c.charge\/\",\"https:\/\/www.youtube.com\/@V2C\",\"https:\/\/www.linkedin.com\/company\/v2c-chargers\/\"]}]}<\/script>\n<!-- \/ Yoast SEO plugin. -->","yoast_head_json":{"title":"EV Portable \u27a4 V2C \u00ae Ta\u015f\u0131nabilir Elektrikli Ara\u00e7 \u015earj Cihaz\u0131m\u0131z","description":"Ta\u015f\u0131nabilir elektrikli ara\u00e7 \u015farj cihaz\u0131n\u0131z hakk\u0131nda ihtiyac\u0131n\u0131z olan t\u00fcm bilgileri bulun. Teknik \u00f6zellikler, kurulum k\u0131lavuzu ve fiyatlar. \u015e\u00fcphelerinizi \u00e7\u00f6z\u00fcn.","robots":{"index":"index","follow":"follow","max-snippet":"max-snippet:-1","max-image-preview":"max-image-preview:large","max-video-preview":"max-video-preview:-1"},"canonical":"https:\/\/v2charge.com\/tr\/destek-alani\/ev-portable\/","og_locale":"tr_TR","og_type":"article","og_title":"EV Portable \u27a4 V2C \u00ae Ta\u015f\u0131nabilir Elektrikli Ara\u00e7 \u015earj Cihaz\u0131m\u0131z","og_description":"Ta\u015f\u0131nabilir elektrikli ara\u00e7 \u015farj cihaz\u0131n\u0131z hakk\u0131nda ihtiyac\u0131n\u0131z olan t\u00fcm bilgileri bulun. Teknik \u00f6zellikler, kurulum k\u0131lavuzu ve fiyatlar. \u015e\u00fcphelerinizi \u00e7\u00f6z\u00fcn.","og_url":"https:\/\/v2charge.com\/tr\/destek-alani\/ev-portable\/","og_site_name":"V2C","article_publisher":"https:\/\/www.facebook.com\/V2C.Charge","article_modified_time":"2023-11-24T08:54:07+00:00","og_image":[{"url":"https:\/\/v2charge.com\/wp-content\/uploads\/2022\/01\/soporte-trydan-2.png","type":"","width":"","height":""}],"twitter_card":"summary_large_image","twitter_site":"@V2C_Charge","twitter_misc":{"Tahmini okuma s\u00fcresi":"2 dakika"},"schema":{"@context":"https:\/\/schema.org","@graph":[{"@type":"WebPage","@id":"https:\/\/v2charge.com\/tr\/destek-alani\/ev-portable\/","url":"https:\/\/v2charge.com\/tr\/destek-alani\/ev-portable\/","name":"EV Portable \u27a4 V2C \u00ae Ta\u015f\u0131nabilir Elektrikli Ara\u00e7 \u015earj Cihaz\u0131m\u0131z","isPartOf":{"@id":"https:\/\/v2charge.com\/tr\/#website"},"primaryImageOfPage":{"@id":"https:\/\/v2charge.com\/tr\/destek-alani\/ev-portable\/#primaryimage"},"image":{"@id":"https:\/\/v2charge.com\/tr\/destek-alani\/ev-portable\/#primaryimage"},"thumbnailUrl":"https:\/\/v2charge.com\/wp-content\/uploads\/2024\/07\/v2c-electric-chargers.jpg","datePublished":"2022-02-22T09:03:27+00:00","dateModified":"2023-11-24T08:54:07+00:00","description":"Ta\u015f\u0131nabilir elektrikli ara\u00e7 \u015farj cihaz\u0131n\u0131z hakk\u0131nda ihtiyac\u0131n\u0131z olan t\u00fcm bilgileri bulun. Teknik \u00f6zellikler, kurulum k\u0131lavuzu ve fiyatlar. \u015e\u00fcphelerinizi \u00e7\u00f6z\u00fcn.","breadcrumb":{"@id":"https:\/\/v2charge.com\/tr\/destek-alani\/ev-portable\/#breadcrumb"},"inLanguage":"tr","potentialAction":[{"@type":"ReadAction","target":["https:\/\/v2charge.com\/tr\/destek-alani\/ev-portable\/"]}]},{"@type":"ImageObject","inLanguage":"tr","@id":"https:\/\/v2charge.com\/tr\/destek-alani\/ev-portable\/#primaryimage","url":"https:\/\/v2charge.com\/wp-content\/uploads\/2024\/07\/v2c-electric-chargers.jpg","contentUrl":"https:\/\/v2charge.com\/wp-content\/uploads\/2024\/07\/v2c-electric-chargers.jpg","width":1200,"height":675,"caption":"V2C Electric Chargers"},{"@type":"BreadcrumbList","@id":"https:\/\/v2charge.com\/tr\/destek-alani\/ev-portable\/#breadcrumb","itemListElement":[{"@type":"ListItem","position":1,"name":"V2C","item":"https:\/\/v2charge.com\/tr\/"},{"@type":"ListItem","position":2,"name":"Destek Alan\u0131.","item":"https:\/\/v2charge.com\/tr\/destek-alani\/"},{"@type":"ListItem","position":3,"name":"EV Portable deste\u011fi"}]},{"@type":"WebSite","@id":"https:\/\/v2charge.com\/tr\/#website","url":"https:\/\/v2charge.com\/tr\/","name":"V2C","description":"#CargandoElMa\u00f1ana","publisher":{"@id":"https:\/\/v2charge.com\/tr\/#organization"},"potentialAction":[{"@type":"SearchAction","target":{"@type":"EntryPoint","urlTemplate":"https:\/\/v2charge.com\/tr\/?s={search_term_string}"},"query-input":{"@type":"PropertyValueSpecification","valueRequired":true,"valueName":"search_term_string"}}],"inLanguage":"tr"},{"@type":"Organization","@id":"https:\/\/v2charge.com\/tr\/#organization","name":"V2C","url":"https:\/\/v2charge.com\/tr\/","logo":{"@type":"ImageObject","inLanguage":"tr","@id":"https:\/\/v2charge.com\/tr\/#\/schema\/logo\/image\/","url":"https:\/\/v2charge.com\/wp-content\/uploads\/2024\/11\/cropped-v2c-charge-logo-menu.png","contentUrl":"https:\/\/v2charge.com\/wp-content\/uploads\/2024\/11\/cropped-v2c-charge-logo-menu.png","width":984,"height":431,"caption":"V2C"},"image":{"@id":"https:\/\/v2charge.com\/tr\/#\/schema\/logo\/image\/"},"sameAs":["https:\/\/www.facebook.com\/V2C.Charge","https:\/\/x.com\/V2C_Charge","https:\/\/www.instagram.com\/v2c.charge\/","https:\/\/www.youtube.com\/@V2C","https:\/\/www.linkedin.com\/company\/v2c-chargers\/"]}]}},"uagb_featured_image_src":{"full":["https:\/\/v2charge.com\/wp-content\/uploads\/2024\/07\/v2c-electric-chargers.jpg",1200,675,false],"thumbnail":["https:\/\/v2charge.com\/wp-content\/uploads\/2024\/07\/v2c-electric-chargers-150x150.jpg",150,150,true],"medium":["https:\/\/v2charge.com\/wp-content\/uploads\/2024\/07\/v2c-electric-chargers-300x169.jpg",300,169,true],"medium_large":["https:\/\/v2charge.com\/wp-content\/uploads\/2024\/07\/v2c-electric-chargers-768x432.jpg",768,432,true],"large":["https:\/\/v2charge.com\/wp-content\/uploads\/2024\/07\/v2c-electric-chargers-1024x576.jpg",1024,576,true],"gs-tiny":["https:\/\/v2charge.com\/wp-content\/uploads\/2024\/07\/v2c-electric-chargers.jpg",50,28,false],"xl":["https:\/\/v2charge.com\/wp-content\/uploads\/2024\/07\/v2c-electric-chargers.jpg",1200,675,false],"xxl":["https:\/\/v2charge.com\/wp-content\/uploads\/2024\/07\/v2c-electric-chargers.jpg",1200,675,false],"xxxl":["https:\/\/v2charge.com\/wp-content\/uploads\/2024\/07\/v2c-electric-chargers.jpg",1200,675,false],"xxxxl":["https:\/\/v2charge.com\/wp-content\/uploads\/2024\/07\/v2c-electric-chargers.jpg",1200,675,false],"xxxxxl":["https:\/\/v2charge.com\/wp-content\/uploads\/2024\/07\/v2c-electric-chargers.jpg",1200,675,false],"1536x1536":["https:\/\/v2charge.com\/wp-content\/uploads\/2024\/07\/v2c-electric-chargers.jpg",1200,675,false],"2048x2048":["https:\/\/v2charge.com\/wp-content\/uploads\/2024\/07\/v2c-electric-chargers.jpg",1200,675,false]},"uagb_author_info":{"display_name":"V2C","author_link":"https:\/\/v2charge.com\/tr\/author\/root_k4eu7ki8\/"},"uagb_comment_info":0,"uagb_excerpt":"Trydan Pole Pro Screen EV Portable V2C Cloud Destek alan\u0131 | EV Portable Yard\u0131ma ihtiyac\u0131n var m\u0131? \u015e\u00fcphelerini \u00e7\u00f6zmedin mi? Teknik Destek Merkezinde bir talep olu\u015fturun, en k\u0131sa s\u00fcrede size geri d\u00f6nelim.","_links":{"self":[{"href":"https:\/\/v2charge.com\/tr\/wp-json\/wp\/v2\/pages\/76374","targetHints":{"allow":["GET"]}}],"collection":[{"href":"https:\/\/v2charge.com\/tr\/wp-json\/wp\/v2\/pages"}],"about":[{"href":"https:\/\/v2charge.com\/tr\/wp-json\/wp\/v2\/types\/page"}],"author":[{"embeddable":true,"href":"https:\/\/v2charge.com\/tr\/wp-json\/wp\/v2\/users\/1"}],"replies":[{"embeddable":true,"href":"https:\/\/v2charge.com\/tr\/wp-json\/wp\/v2\/comments?post=76374"}],"version-history":[{"count":0,"href":"https:\/\/v2charge.com\/tr\/wp-json\/wp\/v2\/pages\/76374\/revisions"}],"up":[{"embeddable":true,"href":"https:\/\/v2charge.com\/tr\/wp-json\/wp\/v2\/pages\/77795"}],"wp:featuredmedia":[{"embeddable":true,"href":"https:\/\/v2charge.com\/tr\/wp-json\/wp\/v2\/media\/170355"}],"wp:attachment":[{"href":"https:\/\/v2charge.com\/tr\/wp-json\/wp\/v2\/media?parent=76374"}],"curies":[{"name":"wp","href":"https:\/\/api.w.org\/{rel}","templated":true}]}}